{"id":874,"date":"2020-03-03T08:40:06","date_gmt":"2020-03-03T07:40:06","guid":{"rendered":"https:\/\/www.heise-solutions.de\/?page_id=874"},"modified":"2024-02-12T11:30:07","modified_gmt":"2024-02-12T10:30:07","slug":"helpdesk","status":"publish","type":"page","link":"https:\/\/heise-solutions.de\/helpdesk\/","title":{"rendered":"Let&#8217;s check it out"},"content":{"rendered":"\n<p>Diese Website ist eine Toolbox von <a href=\"https:\/\/business-services.heise.de\" target=\"_blank\" rel=\"noreferrer noopener\">Heise Business Services<\/a>. Sie dient der schnellen Pr\u00fcfung von Assets und groben Prognosen f\u00fcr Lead-Kampagnen im <a href=\"https:\/\/www.heise-gruppe.de\" target=\"_blank\" rel=\"noreferrer noopener\">Heise-Kosmos<\/a>. Au\u00dferdem gibt es Tipps und Tools, auf die nur autorisiertes Personal Zugriff hat.<\/p>\n\n\n\n<div class=\"wp-block-buttons HBS_Toolbox_Buttons is-horizontal is-content-justification-center is-layout-flex wp-container-core-buttons-is-layout-499968f5 wp-block-buttons-is-layout-flex\">\n<div class=\"wp-block-button is-style-fill\"><a class=\"wp-block-button__link wp-element-button\" href=\"https:\/\/heise-solutions.de\/helpdesk\/tut-uns-leid\/\">Asset-Checker<\/a><\/div>\n\n\n\n<div class=\"wp-block-button is-style-fill\"><a class=\"wp-block-button__link wp-element-button\" href=\"https:\/\/heise-solutions.de\/helpdesk\/tut-uns-leid\/\">Lead-Preise<\/a><\/div>\n\n\n\n<div class=\"wp-block-button is-style-outline is-style-outline--1\"><a class=\"wp-block-button__link has-accent-color has-text-color wp-element-button\" href=\"https:\/\/heise-solutions.de\/helpdesk\/tut-uns-leid\/\" style=\"border-radius:1px\">Lead-Prognose<\/a><\/div>\n\n\n\n<div class=\"wp-block-button is-style-outline is-style-outline--2\"><a class=\"wp-block-button__link wp-element-button\" href=\"https:\/\/heise-solutions.de\/helpdesk\/url-generator\/\">URL-Generator<\/a><\/div>\n\n\n\n<div class=\"wp-block-button is-style-outline is-style-outline--3\"><a class=\"wp-block-button__link wp-element-button\" href=\"https:\/\/heise-solutions.de\/helpdesk\/ansprechpartner\/\">Ansprechpartner<\/a><\/div>\n\n\n\n<div class=\"wp-block-button is-style-outline is-style-outline--4\"><a class=\"wp-block-button__link wp-element-button\" href=\"https:\/\/www.linkedin.com\/in\/jannot\/\" target=\"_blank\" rel=\"noreferrer noopener\">Pers\u00f6nlicher Kontakt<\/a><\/div>\n<\/div>\n\n\n\n<p><\/p>\n","protected":false},"excerpt":{"rendered":"<p>Diese Website ist eine Toolbox von Heise Business Services. Sie dient der schnellen Pr\u00fcfung von Assets und groben Prognosen f\u00fcr Lead-Kampagnen im Heise-Kosmos. Au\u00dferdem gibt es Tipps und Tools, auf die nur autorisiertes Personal Zugriff hat.<\/p>\n","protected":false},"author":2,"featured_media":1142,"parent":0,"menu_order":0,"comment_status":"closed","ping_status":"closed","template":"templates\/template-cover.php","meta":{"footnotes":""},"class_list":["post-874","page","type-page","status-publish","has-post-thumbnail","hentry"],"_links":{"self":[{"href":"https:\/\/heise-solutions.de\/helpdesk\/wp-json\/wp\/v2\/pages\/874","targetHints":{"allow":["GET"]}}],"collection":[{"href":"https:\/\/heise-solutions.de\/helpdesk\/wp-json\/wp\/v2\/pages"}],"about":[{"href":"https:\/\/heise-solutions.de\/helpdesk\/wp-json\/wp\/v2\/types\/page"}],"author":[{"embeddable":true,"href":"https:\/\/heise-solutions.de\/helpdesk\/wp-json\/wp\/v2\/users\/2"}],"replies":[{"embeddable":true,"href":"https:\/\/heise-solutions.de\/helpdesk\/wp-json\/wp\/v2\/comments?post=874"}],"version-history":[{"count":41,"href":"https:\/\/heise-solutions.de\/helpdesk\/wp-json\/wp\/v2\/pages\/874\/revisions"}],"predecessor-version":[{"id":1293,"href":"https:\/\/heise-solutions.de\/helpdesk\/wp-json\/wp\/v2\/pages\/874\/revisions\/1293"}],"wp:featuredmedia":[{"embeddable":true,"href":"https:\/\/heise-solutions.de\/helpdesk\/wp-json\/wp\/v2\/media\/1142"}],"wp:attachment":[{"href":"https:\/\/heise-solutions.de\/helpdesk\/wp-json\/wp\/v2\/media?parent=874"}],"curies":[{"name":"wp","href":"https:\/\/api.w.org\/{rel}","templated":true}]}}